{"id":5349,"date":"2018-11-16T20:03:50","date_gmt":"2018-11-16T13:03:50","guid":{"rendered":"http:\/\/pearlriverhotel.vn\/?page_id=5349"},"modified":"2024-01-06T10:17:57","modified_gmt":"2024-01-06T03:17:57","slug":"dieu-khoan-dieu-kien","status":"publish","type":"page","link":"https:\/\/pearlriverhotel.vn\/en\/dieu-khoan-dieu-kien\/","title":{"rendered":"\u0110i\u1ec1u kho\u1ea3n &#038; \u0110i\u1ec1u ki\u1ec7n"},"content":{"rendered":"<table style=\"background-color: #f9f9f9; border-color: #ededed; border-collapse: collapse; border-style: solid; width: 100%;\" border=\"1\">\n<tbody>\n<tr>\n<td style=\"width: 99.8885%;\" colspan=\"2\"><strong>CH\u00cdNH S\u00c1CH<\/strong><\/td>\n<\/tr>\n<tr>\n<td style=\"width: 27.0903%;\"><strong>\u0110\u1ea3m b\u1ea3o \u0111\u01a1n \u0111\u1eb7t ph\u00f2ng<\/strong><\/td>\n<td style=\"width: 72.7982%;\">T\u1ea5t c\u1ea3 c\u00e1c \u0111\u01a1n \u0111\u1eb7t ph\u00f2ng ph\u00f2ng \u0111\u1ec1u c\u1ea7n \u0111\u01b0\u1ee3c \u0111\u1ea3m b\u1ea3o b\u1edfi th\u1ebb t\u00edn d\u1ee5ng t\u1ea1i th\u1eddi \u0111i\u1ec3m \u0111\u01a1n ph\u00f2ng \u0111\u01b0\u1ee3c x\u00e1c nh\u1eadn. Vui l\u00f2ng cung c\u1ea5p th\u00f4ng tin th\u1ebb t\u00edn d\u1ee5ng (s\u1ed1 th\u1ebb, t\u00ean ch\u1ee7 th\u1ebb, lo\u1ea1i th\u1ebb, ng\u00e0y h\u1ebft h\u1ea1n v\u00e0 m\u00e3 CVC) khi \u0111\u1eb7t ph\u00f2ng. Kh\u00e1ch h\u00e0ng s\u1ebd \u0111\u01b0\u1ee3c y\u00eau c\u1ea7u \u0111\u1eb7t c\u1ecdc tr\u01b0\u1edbc b\u1eb1ng ti\u1ec1n m\u1eb7t ho\u1eb7c b\u1eb1ng th\u1ebb t\u00edn d\u1ee5ng \u0111\u1ec3 \u0111\u1ea3m b\u1ea3o chi tr\u1ea3 ti\u1ec1n ph\u00f2ng v\u00e0 c\u00e1c d\u1ecbch v\u1ee5 ph\u00e1t sinh t\u1ea1i th\u1eddi \u0111i\u1ec3m \u0111\u1ebfn nh\u1eadn ph\u00f2ng.<\/td>\n<\/tr>\n<tr>\n<td style=\"width: 27.0903%;\"><strong>Room capacity and Occupancy charge<\/strong><\/td>\n<td style=\"width: 72.7982%;\">Room capacity:<\/p>\n<ul>\n<li>Maximum 3 people in one room for the hotel rooms, Standard Studio Apartments and Superior 1-Bedroom Apartments.<\/li>\n<li>Maximum 4 people in one room for the 2-bedroom Apartments.<\/li>\n<li>Room rates in Proposals or Contracts are applicable for maximum 2 people in 1 room.<\/li>\n<\/ul>\n<p>Additional charge for the 3rd and 4th person will be applied as follows:<\/p>\n<ul>\n<li>Child age below 6 years old: Complimentary if sharing bed with adult.<\/li>\n<li>Child age from 6 until 11 years old: Additional charge VND 150,000net\/ child\/ night to be applied if sharing bed with adult.<\/li>\n<li>Adult age from 12 years old:<br \/>\nAdditional charges VND 550,000net\/ night for triple occupancy with extra bed to be applied to Standard Studio Apartments, Superior 1-Bedroom Apartments and every hotel rooms (except Presidential Suite room and Grand Pearl Suite rooms).<br \/>\nTo the Presidential Suite room, Grand Pearl Suite rooms and all 2-bedroom Apartments, additional charge VND 300,000net\/ person\/ night (without extra bed) to be applied.<br \/>\nExtra bed fee (includes breakfast): VND 550,000net\/ bed\/ night<br \/>\nComplimentary baby cot is provided on request and subject to availability.<\/li>\n<\/ul>\n<\/td>\n<\/tr>\n<tr>\n<td style=\"width: 27.0903%;\"><strong>Thay \u0111\u1ed5i \u0111\u01a1n \u0111\u1eb7t ph\u00f2ng<\/strong><\/td>\n<td style=\"width: 72.7982%;\">C\u00e1c y\u00eau c\u1ea7u thay \u0111\u1ed5i \u0111\u01a1n \u0111\u1eb7t ph\u00f2ng c\u1ea7n \u0111\u01b0\u1ee3c th\u1ef1c hi\u1ec7n \u00edt nh\u1ea5t 72 gi\u1edd tr\u01b0\u1edbc ng\u00e0y nh\u1eadn ph\u00f2ng v\u00e0 t\u00f9y thu\u1ed9c v\u00e0o kh\u1ea3 n\u0103ng cung \u1ee9ng c\u1ee7a kh\u00e1ch s\u1ea1n.<\/td>\n<\/tr>\n<tr>\n<td style=\"width: 27.0903%;\"><strong>H\u1ee7y ph\u00f2ng\/ kh\u00f4ng \u0111\u1ebfn nh\u1eadn ph\u00f2ng<\/strong><\/td>\n<td style=\"width: 72.7982%;\">B\u1ea5t k\u1ef3 y\u00eau c\u1ea7u h\u1ee7y ph\u00f2ng n\u00e0o th\u1ef1c hi\u1ec7n sau 4 gi\u1edd chi\u1ec1u 1 ng\u00e0y tr\u01b0\u1edbc ng\u00e0y nh\u1eadn ph\u00f2ng \u0111\u1ec1u b\u1ecb ph\u1ea1t ph\u00ed h\u1ee7y mu\u1ed9n \u0111\u01b0\u1ee3c t\u00ednh b\u1eb1ng ti\u1ec1n ph\u00f2ng c\u1ee7a 1 \u0111\u00eam.<\/td>\n<\/tr>\n<tr>\n<td style=\"width: 27.0903%;\"><strong>Nh\u1eadn ph\u00f2ng v\u00e0 tr\u1ea3 ph\u00f2ng<\/strong><\/td>\n<td style=\"width: 72.7982%;\">Theo quy \u0111\u1ecbnh, gi\u1edd nh\u1eadn ph\u00f2ng l\u00e0 14 gi\u1edd v\u00e0 gi\u1edd tr\u1ea3 ph\u00f2ng l\u00e0 12 gi\u1edd tr\u01b0a. Tuy nhi\u00ean, t\u00f9y thu\u1ed9c v\u00e0o kh\u1ea3 n\u0103ng cung \u1ee9ng c\u1ee7a kh\u00e1ch s\u1ea1n, qu\u00fd kh\u00e1ch c\u00f3 th\u1ec3 nh\u1eadn ph\u00f2ng s\u1edbm v\u00e0 tr\u1ea3 ph\u00f2ng mu\u1ed9n v\u1edbi c\u00e1c m\u1ee9c ph\u1ee5 ph\u00ed t\u01b0\u01a1ng \u1ee9ng:<\/p>\n<ul>\n<li>Nh\u1eadn ph\u00f2ng t\u1eeb 6 gi\u1edd \u0111\u1ebfn tr\u01b0\u1edbc 14 gi\u1edd: 50% ti\u1ec1n ph\u00f2ng c\u1ee7a 1 \u0111\u00eam<\/li>\n<li>Nh\u1eadn ph\u00f2ng tr\u01b0\u1edbc 6 gi\u1edd: 100% ti\u1ec1n ph\u00f2ng c\u1ee7a 1 \u0111\u00eam v\u00e0 qu\u00fd kh\u00e1ch \u0111\u01b0\u1ee3c y\u00eau c\u1ea7u gi\u1eef ph\u00f2ng t\u1eeb \u0111\u00eam tr\u01b0\u1edbc \u0111\u00f3.<\/li>\n<li>Tr\u1ea3 ph\u00f2ng t\u1eeb sau 12 gi\u1edd tr\u01b0a \u0111\u1ebfn 18 gi\u1edd: 50% ti\u1ec1n ph\u00f2ng c\u1ee7a 1 \u0111\u00eam<\/li>\n<\/ul>\n<p>Tr\u1ea3 ph\u00f2ng sau 18 gi\u1edd: 100% ti\u1ec1n ph\u00f2ng c\u1ee7a 1 \u0111\u00eam<\/td>\n<\/tr>\n<\/tbody>\n<\/table>\n<p>&nbsp;<\/p>","protected":false},"excerpt":{"rendered":"<p>CH\u00cdNH S\u00c1CH \u0110\u1ea3m b\u1ea3o \u0111\u01a1n \u0111\u1eb7t ph\u00f2ng T\u1ea5t c\u1ea3 c\u00e1c \u0111\u01a1n \u0111\u1eb7t ph\u00f2ng ph\u00f2ng \u0111\u1ec1u c\u1ea7n \u0111\u01b0\u1ee3c \u0111\u1ea3m b\u1ea3o b\u1edfi th\u1ebb t\u00edn d\u1ee5ng t\u1ea1i th\u1eddi \u0111i\u1ec3m \u0111\u01a1n ph\u00f2ng \u0111\u01b0\u1ee3c x\u00e1c nh\u1eadn. Vui l\u00f2ng cung c\u1ea5p th\u00f4ng tin th\u1ebb t\u00edn d\u1ee5ng (s\u1ed1 th\u1ebb, t\u00ean ch\u1ee7 th\u1ebb, lo\u1ea1i th\u1ebb, ng\u00e0y h\u1ebft h\u1ea1n v\u00e0 m\u00e3 CVC) khi \u0111\u1eb7t&#8230;<\/p>","protected":false},"author":1,"featured_media":0,"parent":0,"menu_order":0,"comment_status":"closed","ping_status":"closed","template":"","meta":{"footnotes":""},"class_list":["post-5349","page","type-page","status-publish","hentry"],"_links":{"self":[{"href":"https:\/\/pearlriverhotel.vn\/en\/wp-json\/wp\/v2\/pages\/5349","targetHints":{"allow":["GET"]}}],"collection":[{"href":"https:\/\/pearlriverhotel.vn\/en\/wp-json\/wp\/v2\/pages"}],"about":[{"href":"https:\/\/pearlriverhotel.vn\/en\/wp-json\/wp\/v2\/types\/page"}],"author":[{"embeddable":true,"href":"https:\/\/pearlriverhotel.vn\/en\/wp-json\/wp\/v2\/users\/1"}],"replies":[{"embeddable":true,"href":"https:\/\/pearlriverhotel.vn\/en\/wp-json\/wp\/v2\/comments?post=5349"}],"version-history":[{"count":0,"href":"https:\/\/pearlriverhotel.vn\/en\/wp-json\/wp\/v2\/pages\/5349\/revisions"}],"wp:attachment":[{"href":"https:\/\/pearlriverhotel.vn\/en\/wp-json\/wp\/v2\/media?parent=5349"}],"curies":[{"name":"wp","href":"https:\/\/api.w.org\/{rel}","templated":true}]}}