{"id":7222,"date":"2023-07-26T18:39:00","date_gmt":"2023-07-26T11:39:00","guid":{"rendered":"http:\/\/pearlriverhotel.vn\/?page_id=7222"},"modified":"2025-12-11T16:00:34","modified_gmt":"2025-12-11T09:00:34","slug":"gioi-thieu-pearl-river-hotel","status":"publish","type":"page","link":"https:\/\/pearlriverhotel.vn\/en\/gioi-thieu-pearl-river-hotel\/","title":{"rendered":"About Pearl River Hotel"},"content":{"rendered":"<section class=\"section dark has-scroll-for-more\" id=\"section_1287953262\">\n\t\t<div class=\"section-bg fill\" >\n\t\t\t\t\t\t\t\t\t<button class=\"scroll-for-more z-5 icon absolute bottom h-center\" aria-label=\"Scroll for more\"><i class=\"icon-angle-down\" aria-hidden=\"true\" style=\"font-size:42px;\"><\/i><\/button>\n\t\t\t\n\n\t\t<\/div>\n\n\t\t\n\n\t\t<div class=\"section-content relative\">\n\t\t\t\n\n  <div class=\"banner has-hover\" id=\"banner-858496073\">\n          <div class=\"banner-inner fill\">\n        <div class=\"banner-bg fill\" >\n            <img decoding=\"async\" width=\"1920\" height=\"1280\" src=\"https:\/\/pearlriverhotel.vn\/wp-content\/uploads\/2023\/08\/overview-2.jpg\" class=\"bg attachment-original size-original\" alt=\"\" \/>                        <div class=\"overlay\"><\/div>            \n                    <\/div>\n\t\t\n        <div class=\"banner-layers container\">\n            <div class=\"fill banner-link\"><\/div>            \n   <div id=\"text-box-1150524175\" class=\"text-box banner-layer x50 md-x50 lg-x50 y50 md-y50 lg-y50 res-text\">\n                                <div class=\"text-box-content text dark\">\n              \n              <div class=\"text-inner text-center\">\n                  \n<h1>Kh\u00e1ch s\u1ea1n Pearl River<\/h1>\n<div class=\"text-center\"><div class=\"is-divider divider clearfix\" style=\"max-width:3px;height:30px;background-color:rgb(255, 255, 255);\"><\/div><\/div>\n<h3><em>\u0110i\u1ec3m \u0111\u1ebfn l\u00fd t\u01b0\u1edfng<\/em><\/h3>\n              <\/div>\n           <\/div>\n                            \n<style>\n#text-box-1150524175 {\n  width: 90%;\n}\n#text-box-1150524175 .text-box-content {\n  font-size: 100%;\n}\n@media (min-width:550px) {\n  #text-box-1150524175 {\n    width: 60%;\n  }\n}\n<\/style>\n    <\/div>\n \n        <\/div>\n      <\/div>\n\n            \n<style>\n#banner-858496073 {\n  padding-top: 50vh;\n  background-color: rgb(255, 255, 255);\n}\n#banner-858496073 .overlay {\n  background-color: rgba(0, 0, 0, 0.203);\n}\n@media (min-width:550px) {\n  #banner-858496073 {\n    padding-top: 75vh;\n  }\n}\n<\/style>\n  <\/div>\n\n\n\t\t<\/div>\n\n\t\t\n<style>\n#section_1287953262 {\n  padding-top: 0px;\n  padding-bottom: 0px;\n}\n<\/style>\n\t<\/section>\n\t\n<div class=\"row\"  id=\"row-2074437021\">\n\n\t<div id=\"col-1332086808\" class=\"col medium-1 small-12 large-1\"  >\n\t\t\t\t<div class=\"col-inner\"  >\n\t\t\t\n\t\t\t\n\t\t<\/div>\n\t\t\t\t\t<\/div>\n\n\t\n\n\t<div id=\"col-1490525624\" class=\"col medium-10 small-12 large-10\"  >\n\t\t\t\t<div class=\"col-inner\"  >\n\t\t\t\n\t\t\t\n<p style=\"text-align: justify;\"><em>Hai Phong is not only famous for tourist attractions close to nature, delicious foods that make visitors remember forever, but also a land with many high-class, modern and luxurious resort hotels serving domestic and foreign tourists.<\/em><\/p>\n<p style=\"text-align: justify;\">In the Top 5 of the most famous, most modern and most luxurious 5-star hotels in Hai Phong - Pearl River Hotel is a place trusted by many businessmen, domestic and foreign tourists, and foreign experts. choose as a place to stay when coming to the beloved Hai Phong.<\/p>\n<p style=\"text-align: justify;\"><strong><span style=\"font-size: 120%;\">Central location<\/span> <\/strong><\/p>\n<p style=\"text-align: justify;\">Located in a perfect traffic location: near Cat Bi international airport, Hanoi - Hai Phong highway and the city center area, Pearl River Hotel is a place to rest and transfer guests with other locations. Famous tourist attractions in Hai Phong such as: Do Son beach, Bach Dang Giang historical relic site, Cat Ba turquoise sea or poetic Lan Ha bay.<\/p>\n<p><img decoding=\"async\" class=\"aligncenter size-full wp-image-7787\" src=\"https:\/\/pearlriverhotel.vn\/wp-content\/uploads\/2023\/08\/z3040382747561_8063adf70a3511efa48595ceb6c8285a-2048x1366-1.jpg\" alt=\"\" width=\"1920\" height=\"1281\" srcset=\"https:\/\/pearlriverhotel.vn\/wp-content\/uploads\/2023\/08\/z3040382747561_8063adf70a3511efa48595ceb6c8285a-2048x1366-1.jpg 1920w, https:\/\/pearlriverhotel.vn\/wp-content\/uploads\/2023\/08\/z3040382747561_8063adf70a3511efa48595ceb6c8285a-2048x1366-1-300x200.jpg 300w, https:\/\/pearlriverhotel.vn\/wp-content\/uploads\/2023\/08\/z3040382747561_8063adf70a3511efa48595ceb6c8285a-2048x1366-1-1024x683.jpg 1024w, https:\/\/pearlriverhotel.vn\/wp-content\/uploads\/2023\/08\/z3040382747561_8063adf70a3511efa48595ceb6c8285a-2048x1366-1-768x512.jpg 768w, https:\/\/pearlriverhotel.vn\/wp-content\/uploads\/2023\/08\/z3040382747561_8063adf70a3511efa48595ceb6c8285a-2048x1366-1-1536x1025.jpg 1536w, https:\/\/pearlriverhotel.vn\/wp-content\/uploads\/2023\/08\/z3040382747561_8063adf70a3511efa48595ceb6c8285a-2048x1366-1-18x12.jpg 18w\" sizes=\"(max-width: 1920px) 100vw, 1920px\" \/><\/p>\n<p style=\"text-align: justify;\">Pearl River Hotel is located in the central area, on Pham Van Dong route connecting directly to Do Son tourist area. Here you can easily find many multinational restaurants including Korean, Japanese, Chinese and Vietnamese. From Pearl River Hotel, you only need to drive from 5 to 10 minutes to reach nightlife areas such as Van Cao, Lach Tray and less than 5 minutes to the largest shopping center in Vietnam - Aeon Mall in Hai Phong.<\/p>\n<p style=\"text-align: justify;\">With these advantages, Pearl River Hotel will surely bring you unforgettable stay in Hai Phong.<\/p>\n<p style=\"text-align: justify;\"><span style=\"font-size: 120%;\"><strong>Pearl River's Type rooms<\/strong><\/span><\/p>\n<p style=\"text-align: justify;\">With a variety of luxurious and modern rooms, designed in an elegant and classic style, including 2 buildings Pearl 1 and Pearl 2. Pearl River Hotel has a total <strong><em>of 113 rooms<\/em><\/strong> v\u00e0 <strong><em>and 156 class apartments.<\/em><\/strong> Luxury is divided into <strong><em>16 room<\/em><\/strong> v\u1edbi \u0111\u1ea7y \u0111\u1ee7 ti\u1ec7n nghi. V\u1edbi di\u1ec7n t\u00edch <strong><em>t\u1ed1i thi\u1ec3u<\/em><\/strong> <strong><em>35 m2 v\u00e0 t\u1ed1i \u0111a 130 m2, bao g\u1ed3m c\u1ea3 ph\u00f2ng h\u00fat thu\u1ed1c v\u00e0 ph\u00f2ng kh\u00f4ng h\u00fat thu\u1ed1c<\/em><\/strong>. C\u00e1c ph\u00f2ng \u0111\u1ec1u \u0111\u01b0\u1ee3c <strong><em>trang b\u1ecb v\u1edbi c\u00e1c thi\u1ebft b\u1ecb hi\u1ec7n \u0111\u1ea1i, \u0111\u1ea7y \u0111\u1ee7 v\u00e0 thi\u1ebft y\u1ebfu nh\u01b0: Wi-Fi t\u1ed1c \u0111\u1ed9 cao, h\u1ec7 th\u1ed1ng TV v\u1ec7 tinh c\u00e1c k\u00eanh truy\u1ec1n h\u00ecnh qu\u1ed1c t\u1ebf, k\u00e9t s\u1eaft an to\u00e0n, m\u00e1y gi\u1eb7t, t\u1ee7 l\u1ea1nh, b\u1ebfp n\u1ea5u \u0103n,\u00a0 d\u1ecbch v\u1ee5 ph\u1ee5c v\u1ee5 \u0103n u\u1ed1ng t\u1ea1i ph\u00f2ng 24\/24 v\u00e0 c\u00e1c ti\u1ec7n \u00edch kh\u00e1c<\/em><\/strong> nh\u1eb1m t\u1ed1i \u0111a h\u00f3a s\u1ef1 ti\u1ec7n nghi, tho\u1ea3i m\u00e1i cho Qu\u00fd kh\u00e1ch h\u00e0ng, \u0111\u00e1p \u1ee9ng \u0111\u01b0\u1ee3c m\u1ecdi nhu c\u1ea7u \u0111a d\u1ea1ng c\u1ee7a Qu\u00fd kh\u00e1ch t\u1eeb 1 kh\u00e1ch \u0111\u01a1n l\u1ebb \u0111\u1ebfn \u0111\u1ea1i gia \u0111\u00ecnh, kh\u00e1ch s\u1ea1n Pearl River l\u00e0 m\u1ed9t trong s\u1ed1 \u00edt kh\u00e1ch s\u1ea1n 5 sao c\u00f3 s\u1ed1 l\u01b0\u1ee3ng ph\u00f2ng ngh\u1ec9 v\u1edbi di\u1ec7n t\u00edch l\u1edbn, \u0111\u1eb9p m\u1eaft, sang tr\u1ecdng b\u1eadc nh\u1ea5t t\u1ea1i H\u1ea3i Ph\u00f2ng.<\/p>\n<p><img decoding=\"async\" class=\"aligncenter size-full wp-image-7411\" src=\"https:\/\/pearlriverhotel.vn\/wp-content\/uploads\/2021\/10\/standard-studio-apartment-4.jpg\" alt=\"\" width=\"1200\" height=\"800\" srcset=\"https:\/\/pearlriverhotel.vn\/wp-content\/uploads\/2021\/10\/standard-studio-apartment-4.jpg 1200w, https:\/\/pearlriverhotel.vn\/wp-content\/uploads\/2021\/10\/standard-studio-apartment-4-300x200.jpg 300w, https:\/\/pearlriverhotel.vn\/wp-content\/uploads\/2021\/10\/standard-studio-apartment-4-1024x683.jpg 1024w, https:\/\/pearlriverhotel.vn\/wp-content\/uploads\/2021\/10\/standard-studio-apartment-4-768x512.jpg 768w, https:\/\/pearlriverhotel.vn\/wp-content\/uploads\/2021\/10\/standard-studio-apartment-4-18x12.jpg 18w, https:\/\/pearlriverhotel.vn\/wp-content\/uploads\/2021\/10\/standard-studio-apartment-4-510x340.jpg 510w\" sizes=\"(max-width: 1200px) 100vw, 1200px\" \/><\/p>\n<p style=\"text-align: justify;\"><span style=\"font-size: 120%;\"><strong>Ti\u1ec7n \u00edch hi\u1ec7n \u0111\u1ea1i <\/strong><\/span><\/p>\n<p style=\"text-align: justify;\">Kh\u00f4ng ch\u1ec9 d\u1eebng l\u1ea1i \u1edf c\u00e1c l\u1ef1a ch\u1ecdn ph\u00f2ng \u0111a d\u1ea1ng, h\u1ec7 th\u1ed1ng ti\u1ec7n \u00edch Kh\u00e1ch s\u1ea1n Pearl River c\u00f3 <strong><em>b\u00e3i \u0111\u1eadu xe 2 t\u1ea7ng, ph\u00f2ng t\u1eadp th\u1ec3 thao, b\u1ec3 b\u01a1i ngo\u00e0i tr\u1eddi hay h\u1ec7 th\u1ed1ng nh\u00e0 h\u00e0ng, qu\u1ea7y Cafe, ph\u00f2ng h\u1ecdp \u0111a n\u0103ng, t\u1ea5t c\u1ea3 \u0111\u1ec1u n\u1eb1m trong t\u1ed5 h\u1ee3p ti\u1ec7n \u00edch c\u1ee7a kh\u00e1ch s\u1ea1n Pearl River. <\/em><\/strong>B\u1ea1n c\u00f3 th\u1ec3 t\u1eadn h\u01b0\u1edfng cu\u1ed9c s\u1ed1ng tho\u1ea3i m\u00e1i v\u00e0 hi\u1ec7n \u0111\u1ea1i nh\u1ea5t v\u1edbi m\u1ecdi ti\u1ec7n \u00edch trong t\u1ea7m tay.<\/p>\n<p style=\"text-align: justify;\"><span style=\"font-size: 120%;\"><strong>H\u1ec7 th\u1ed1ng Sauna<\/strong><\/span><\/p>\n<p style=\"text-align: justify;\">M\u1ed9t trong nh\u1eefng ti\u1ec7n \u00edch \u0111\u01b0\u1ee3c kh\u00e1ch h\u00e0ng tr\u1ea3i nghi\u1ec7m v\u00e0 \u0111\u00e1nh gi\u00e1 y\u00eau th\u00edch nh\u1ea5t l\u00e0 h\u1ec7 th\u1ed1ng Sauna. M\u1edf c\u1eeda t\u1eeb <strong><em>10h s\u00e1ng \u0111\u1ebfn 22h \u0111\u00eam<\/em><\/strong>, \u0111\u00e2y l\u00e0 h\u1ec7 th\u1ed1ng Spa sang tr\u1ecdng c\u00f3 <strong><em>b\u1ec3 s\u1ee5c n\u00f3ng v\u00e0 l\u1ea1nh ri\u00eang bi\u1ec7t, ph\u00f2ng x\u00f4ng h\u01a1i \u01b0\u1edbt, ph\u00f2ng x\u00f4ng h\u01a1i kh\u00f4, ph\u00f2ng th\u01b0 gi\u00e3n v\u00e0 ph\u00f2ng m\u00e1t-xa VIP<\/em><\/strong>. \u0110\u00e2y ho\u00e0n to\u00e0n l\u00e0 m\u1ed9t tr\u1ea3i nghi\u1ec7m k\u1ebft h\u1ee3p gi\u1eefa s\u1ef1 ti\u1ec7n nghi v\u00e0 cao c\u1ea5p, \u0111em l\u1ea1i cho kh\u00e1ch h\u00e0ng nh\u1eefng gi\u00e2y ph\u00fat y\u00ean b\u00ecnh, th\u01b0 th\u00e1i v\u00e0 v\u00f4 c\u00f9ng ri\u00eang t\u01b0.<\/p>\n<p><img decoding=\"async\" class=\"aligncenter size-full wp-image-7758\" src=\"https:\/\/pearlriverhotel.vn\/wp-content\/uploads\/2023\/08\/Jacuzzi-2.jpg\" alt=\"\" width=\"1920\" height=\"1280\" srcset=\"https:\/\/pearlriverhotel.vn\/wp-content\/uploads\/2023\/08\/Jacuzzi-2.jpg 1920w, https:\/\/pearlriverhotel.vn\/wp-content\/uploads\/2023\/08\/Jacuzzi-2-300x200.jpg 300w, https:\/\/pearlriverhotel.vn\/wp-content\/uploads\/2023\/08\/Jacuzzi-2-1024x683.jpg 1024w, https:\/\/pearlriverhotel.vn\/wp-content\/uploads\/2023\/08\/Jacuzzi-2-768x512.jpg 768w, https:\/\/pearlriverhotel.vn\/wp-content\/uploads\/2023\/08\/Jacuzzi-2-1536x1024.jpg 1536w, https:\/\/pearlriverhotel.vn\/wp-content\/uploads\/2023\/08\/Jacuzzi-2-18x12.jpg 18w\" sizes=\"(max-width: 1920px) 100vw, 1920px\" \/><\/p>\n<p style=\"text-align: justify;\"><span style=\"font-size: 120%;\"><strong>Outdoor swimming pool<\/strong><\/span><\/p>\n<p style=\"text-align: justify;\">B\u1ec3 b\u01a1i ngo\u00e0i tr\u1eddi kh\u00e1ch s\u1ea1n Pearl River v\u00f4 c\u00f9ng r\u1ed9ng r\u00e3i v\u00e0 \u0111\u01b0\u1ee3c trang b\u1ecb \u0111\u1ea7y \u0111\u1ee7 gh\u1ebf ngh\u1ec9 ng\u01a1i, nh\u00e2n vi\u00ean ph\u1ee5c v\u1ee5 \u0111\u1ed3 \u0103n v\u00e0 \u0111\u1ed3 u\u1ed1ng khi\u1ebfn b\u1ea1n lu\u00f4n c\u1ea3m th\u1ea5y tho\u1ea3i m\u00e1i v\u00e0 th\u01b0 gi\u00e3n nh\u1ea5t. \u0110\u00e2y ch\u00ednh l\u00e0 n\u01a1i l\u00fd t\u01b0\u1edfng \u0111\u1ec3 Qu\u00fd kh\u00e1ch t\u1eafm n\u1eafng v\u00e0o s\u00e1ng s\u1edbm ho\u1eb7c m\u00e3n nh\u00e3n v\u1edbi \u00e1nh ho\u00e0ng h\u00f4n r\u1ef1c r\u1ee1 v\u00e0o bu\u1ed5i chi\u1ec1u t\u00e0.<\/p>\n<p><img decoding=\"async\" class=\"aligncenter size-full wp-image-7689\" src=\"https:\/\/pearlriverhotel.vn\/wp-content\/uploads\/2020\/07\/pearl-river-hotel-home5.jpg\" alt=\"\" width=\"1920\" height=\"1280\" srcset=\"https:\/\/pearlriverhotel.vn\/wp-content\/uploads\/2020\/07\/pearl-river-hotel-home5.jpg 1920w, https:\/\/pearlriverhotel.vn\/wp-content\/uploads\/2020\/07\/pearl-river-hotel-home5-300x200.jpg 300w, https:\/\/pearlriverhotel.vn\/wp-content\/uploads\/2020\/07\/pearl-river-hotel-home5-1024x683.jpg 1024w, https:\/\/pearlriverhotel.vn\/wp-content\/uploads\/2020\/07\/pearl-river-hotel-home5-768x512.jpg 768w, https:\/\/pearlriverhotel.vn\/wp-content\/uploads\/2020\/07\/pearl-river-hotel-home5-1536x1024.jpg 1536w, https:\/\/pearlriverhotel.vn\/wp-content\/uploads\/2020\/07\/pearl-river-hotel-home5-18x12.jpg 18w\" sizes=\"(max-width: 1920px) 100vw, 1920px\" \/><\/p>\n<p style=\"text-align: justify;\"><span style=\"font-size: 120%;\"><strong>Ph\u00f2ng t\u1eadp Gym<\/strong><\/span><\/p>\n<p style=\"text-align: justify;\">Trang b\u1ecb \u0111\u1ea7y \u0111\u1ee7 m\u00e1y t\u1eadp, ph\u00f2ng t\u1eadp Gym lu\u00f4n m\u1edf c\u1eeda s\u1eb5n s\u00e0ng ph\u1ee5c v\u1ee5 Qu\u00fd kh\u00e1ch m\u1ecdi l\u00fac khi kh\u00e1ch h\u00e0ng c\u00f3 nhu c\u1ea7u s\u1eed d\u1ee5ng. B\u1ea1n c\u00f3 th\u1ec3 duy tr\u00ec vi\u1ec7c t\u1eadp luy\u1ec7n c\u1ee7a m\u00ecnh theo \u0111\u00fang ti\u1ebfn \u0111\u1ed9 v\u00e0 c\u00f3 hu\u1ea5n luy\u1ec7n vi\u00ean lu\u00f4n s\u1eb5n s\u00e0ng h\u1ed7 tr\u1ee3 trong nh\u1eefng b\u00e0i t\u1eadp. Sau khi t\u1eadp luy\u1ec7n xong b\u1ea1n ho\u00e0n to\u00e0n c\u00f3 th\u1ec3 th\u01b0 gi\u00e3n v\u1edbi h\u1ec7 th\u1ed1ng th\u01b0 gi\u00e3n c\u1ee7a Pearl River.<\/p>\n<p><img decoding=\"async\" class=\"aligncenter size-full wp-image-7741\" src=\"https:\/\/pearlriverhotel.vn\/wp-content\/uploads\/2023\/08\/prh-apartment-welcome-4.jpg\" alt=\"\" width=\"1268\" height=\"868\" srcset=\"https:\/\/pearlriverhotel.vn\/wp-content\/uploads\/2023\/08\/prh-apartment-welcome-4.jpg 1268w, https:\/\/pearlriverhotel.vn\/wp-content\/uploads\/2023\/08\/prh-apartment-welcome-4-300x205.jpg 300w, https:\/\/pearlriverhotel.vn\/wp-content\/uploads\/2023\/08\/prh-apartment-welcome-4-1024x701.jpg 1024w, https:\/\/pearlriverhotel.vn\/wp-content\/uploads\/2023\/08\/prh-apartment-welcome-4-768x526.jpg 768w, https:\/\/pearlriverhotel.vn\/wp-content\/uploads\/2023\/08\/prh-apartment-welcome-4-18x12.jpg 18w\" sizes=\"(max-width: 1268px) 100vw, 1268px\" \/><\/p>\n<p style=\"text-align: justify;\"><span style=\"font-size: 120%;\"><strong>Ph\u00f2ng ch\u01a1i Golf<\/strong><\/span><\/p>\n<p style=\"text-align: justify;\">D\u00f9 b\u1ea1n \u0111i c\u00f4ng t\u00e1c hay ngh\u1ec9 d\u01b0\u1ee1ng b\u1ea1n c\u0169ng ho\u00e0n to\u00e0n c\u00f3 th\u1ec3 ch\u01a1i Golf trong ph\u00f2ng Golf c\u1ee7a Pearl River. Tr\u1ea3i nghi\u1ec7m ch\u01a1i Golf ngay trong kh\u00e1ch s\u1ea1n v\u1edbi trang thi\u1ebft b\u1ecb chuy\u00ean nghi\u1ec7p, hi\u1ec7n \u0111\u1ea1i, \u0111\u00e1p \u1ee9ng \u0111\u1ea7y \u0111\u1ee7 nhu c\u1ea7u v\u00e0 mong mu\u1ed1n c\u1ee7a m\u1ecdi Qu\u00fd kh\u00e1ch h\u00e0ng.<\/p>\n<p><img decoding=\"async\" class=\"aligncenter size-full wp-image-7343\" src=\"https:\/\/pearlriverhotel.vn\/wp-content\/uploads\/2023\/08\/prh-golf.jpg\" alt=\"\" width=\"1020\" height=\"1100\" srcset=\"https:\/\/pearlriverhotel.vn\/wp-content\/uploads\/2023\/08\/prh-golf.jpg 1020w, https:\/\/pearlriverhotel.vn\/wp-content\/uploads\/2023\/08\/prh-golf-278x300.jpg 278w, https:\/\/pearlriverhotel.vn\/wp-content\/uploads\/2023\/08\/prh-golf-950x1024.jpg 950w, https:\/\/pearlriverhotel.vn\/wp-content\/uploads\/2023\/08\/prh-golf-768x828.jpg 768w, https:\/\/pearlriverhotel.vn\/wp-content\/uploads\/2023\/08\/prh-golf-11x12.jpg 11w, https:\/\/pearlriverhotel.vn\/wp-content\/uploads\/2023\/08\/prh-golf-510x550.jpg 510w\" sizes=\"(max-width: 1020px) 100vw, 1020px\" \/><\/p>\n<p style=\"text-align: justify;\"><strong><span style=\"font-size: 120%;\">S\u1ef1 ki\u1ec7n h\u1ed9i ngh\u1ecb<\/span> <\/strong><\/p>\n<p style=\"text-align: justify;\">Kh\u00f4ng nh\u1eefng \u0111\u01b0\u1ee3c bi\u1ebft \u0111\u1ebfn l\u00e0 n\u01a1i ngh\u1ec9 d\u01b0\u1ee1ng tuy\u1ec7t v\u1eddi m\u00e0 Pearl River Hotel c\u00f2n l\u00e0 \u0111\u1ecba \u0111i\u1ec3m l\u00fd t\u01b0\u1edfng cho t\u1ea5t c\u1ea3 c\u00e1c lo\u1ea1i h\u00ecnh h\u1ed9i ngh\u1ecb kinh doanh, c\u00e1c s\u1ef1 ki\u1ec7n \u0111\u1eb7c bi\u1ec7t v\u00e0 c\u00e1c cu\u1ed9c h\u1ecdp quan tr\u1ecdng. Pearl River cung c\u1ea5p kh\u00f4ng gian h\u1ed9i ngh\u1ecb r\u1ed9ng r\u00e3i, sang tr\u1ecdng bao g\u1ed3m: <strong><em>Ph\u00f2ng Diamon, Ph\u00f2ng Ruby, Ph\u00f2ng Saphire , c\u00f3 s\u1ee9c ch\u1ee9a l\u00ean \u0111\u1ebfn 200 kh\u00e1ch<\/em><\/strong> theo m\u1ecdi phong c\u00e1ch m\u00e0 kh\u00e1ch h\u00e0ng y\u00eau c\u1ea7u, ph\u00f9 h\u1ee3p cho c\u00e1c s\u1ef1 ki\u1ec7n l\u1edbn nh\u1ecf c\u1ee7a c\u00f4ng ty nh\u01b0 <strong><em>h\u1ed9i ngh\u1ecb, h\u1ed9i th\u1ea3o, li\u00ean hoan<\/em><\/strong>\u2026 \u0110\u1ebfn v\u1edbi Pearl River, c\u00e1c s\u1ef1 ki\u1ec7n s\u1ebd \u0111\u01b0\u1ee3c chu\u1ea9n b\u1ecb k\u0129 c\u00e0ng v\u00e0 chi ti\u1ebft nh\u1ea5t, t\u1eeb b\u1ed1 tr\u00ed, ph\u1ee5c v\u1ee5 \u0111\u1ebfn th\u1ef1c \u0111\u01a1n \u0103n u\u1ed1ng, Pearl River Hotel s\u1ebd khi\u1ebfn kh\u00e1ch h\u00e0ng c\u1ea3m th\u1ea5y th\u1eadt s\u1ef1 h\u00e0i l\u00f2ng v\u00e0 tin t\u01b0\u1edfng.\u00a0<\/p>\n<p><img decoding=\"async\" class=\"aligncenter size-full wp-image-7743\" src=\"https:\/\/pearlriverhotel.vn\/wp-content\/uploads\/2023\/08\/9dc577f0e202315c6813.jpeg\" alt=\"\" width=\"1920\" height=\"1280\" srcset=\"https:\/\/pearlriverhotel.vn\/wp-content\/uploads\/2023\/08\/9dc577f0e202315c6813.jpeg 1920w, https:\/\/pearlriverhotel.vn\/wp-content\/uploads\/2023\/08\/9dc577f0e202315c6813-300x200.jpeg 300w, https:\/\/pearlriverhotel.vn\/wp-content\/uploads\/2023\/08\/9dc577f0e202315c6813-1024x683.jpeg 1024w, https:\/\/pearlriverhotel.vn\/wp-content\/uploads\/2023\/08\/9dc577f0e202315c6813-768x512.jpeg 768w, https:\/\/pearlriverhotel.vn\/wp-content\/uploads\/2023\/08\/9dc577f0e202315c6813-1536x1024.jpeg 1536w, https:\/\/pearlriverhotel.vn\/wp-content\/uploads\/2023\/08\/9dc577f0e202315c6813-18x12.jpeg 18w\" sizes=\"(max-width: 1920px) 100vw, 1920px\" \/><\/p>\n<p><img decoding=\"async\" class=\"aligncenter size-full wp-image-7704\" src=\"https:\/\/pearlriverhotel.vn\/wp-content\/uploads\/2019\/09\/7C8627FA-4AF5-499A-A90D-76C7DEEC595B.jpg\" alt=\"\" width=\"1920\" height=\"1440\" srcset=\"https:\/\/pearlriverhotel.vn\/wp-content\/uploads\/2019\/09\/7C8627FA-4AF5-499A-A90D-76C7DEEC595B.jpg 1920w, https:\/\/pearlriverhotel.vn\/wp-content\/uploads\/2019\/09\/7C8627FA-4AF5-499A-A90D-76C7DEEC595B-300x225.jpg 300w, https:\/\/pearlriverhotel.vn\/wp-content\/uploads\/2019\/09\/7C8627FA-4AF5-499A-A90D-76C7DEEC595B-1024x768.jpg 1024w, https:\/\/pearlriverhotel.vn\/wp-content\/uploads\/2019\/09\/7C8627FA-4AF5-499A-A90D-76C7DEEC595B-768x576.jpg 768w, https:\/\/pearlriverhotel.vn\/wp-content\/uploads\/2019\/09\/7C8627FA-4AF5-499A-A90D-76C7DEEC595B-1536x1152.jpg 1536w, https:\/\/pearlriverhotel.vn\/wp-content\/uploads\/2019\/09\/7C8627FA-4AF5-499A-A90D-76C7DEEC595B-16x12.jpg 16w\" sizes=\"(max-width: 1920px) 100vw, 1920px\" \/><\/p>\n<p style=\"text-align: justify;\">N\u1ebfu nh\u1eafc \u0111\u1ebfn H\u1ea3i Ph\u00f2ng v\u1edbi r\u1ea5t nhi\u1ec1u \u0111\u1ecba \u0111i\u1ec3m du l\u1ecbch v\u00e0 \u0111\u1ed3 \u0103n \u0111\u1eadm ch\u1ea5t \u0111\u1ea5t c\u1ea3ng th\u00ec kh\u00e1ch s\u1ea1n Pearl River c\u0169ng l\u00e0 m\u1ed9t \u0111i\u1ec3m \u0111\u1ebfn kh\u00f3 qu\u00ean khi \u0111\u1ebfn \u0111\u00e2y. H\u00e3y \u0111\u1ec3 Pearl River \u0111em l\u1ea1i cho b\u1ea1n c\u1ea3m gi\u00e1c th\u01b0 th\u00e1i v\u00e0 y\u00ean b\u00ecnh nh\u1ea5t v\u1edbi m\u1ed7i chuy\u1ebfn \u0111i. Nh\u1eefng tr\u1ea3i nghi\u1ec7m t\u1ea1i Pearl River ch\u1eafc ch\u1eafn s\u1ebd l\u00e0 nh\u1eefng tr\u1ea3i nghi\u1ec7m tuy\u1ec7t v\u1eddi v\u00e0 kh\u00f3 qu\u00ean nh\u1ea5t khi Qu\u00fd kh\u00e1ch \u0111\u1ebfn v\u1edbi v\u00f9ng \u0111\u1ea5t \u0111\u1ea7y n\u1eafng v\u00e0 gi\u00f3 n\u00e0y.<\/p>\n<p style=\"text-align: justify;\"><span style=\"font-size: 120%;\"><strong>Pearl River Hotel<\/strong><\/span><\/p>\n<p style=\"text-align: justify;\">Address: No. 93 Pham Van Dong Street, Phu Hai 3 Residential Group, Hung Dao Ward, Hai Phong City, Vietnam<\/p>\n<p style=\"text-align: justify;\">Hotline: 0225 3880 888.<\/p>\n<p style=\"text-align: justify;\">Email: info@pearlriverhotel.vn.<\/p>\n\t\t<\/div>\n\t\t\t\t\t<\/div>\n\n\t\n\n\t<div id=\"col-1383545954\" class=\"col medium-1 small-12 large-1\"  >\n\t\t\t\t<div class=\"col-inner\"  >\n\t\t\t\n\t\t\t\n\t\t<\/div>\n\t\t\t\t\t<\/div>\n\n\t\n<\/div>","protected":false},"excerpt":{"rendered":"","protected":false},"author":1,"featured_media":0,"parent":0,"menu_order":0,"comment_status":"closed","ping_status":"closed","template":"page-transparent-header-light.php","meta":{"footnotes":""},"class_list":["post-7222","page","type-page","status-publish","hentry"],"_links":{"self":[{"href":"https:\/\/pearlriverhotel.vn\/en\/wp-json\/wp\/v2\/pages\/7222","targetHints":{"allow":["GET"]}}],"collection":[{"href":"https:\/\/pearlriverhotel.vn\/en\/wp-json\/wp\/v2\/pages"}],"about":[{"href":"https:\/\/pearlriverhotel.vn\/en\/wp-json\/wp\/v2\/types\/page"}],"author":[{"embeddable":true,"href":"https:\/\/pearlriverhotel.vn\/en\/wp-json\/wp\/v2\/users\/1"}],"replies":[{"embeddable":true,"href":"https:\/\/pearlriverhotel.vn\/en\/wp-json\/wp\/v2\/comments?post=7222"}],"version-history":[{"count":0,"href":"https:\/\/pearlriverhotel.vn\/en\/wp-json\/wp\/v2\/pages\/7222\/revisions"}],"wp:attachment":[{"href":"https:\/\/pearlriverhotel.vn\/en\/wp-json\/wp\/v2\/media?parent=7222"}],"curies":[{"name":"wp","href":"https:\/\/api.w.org\/{rel}","templated":true}]}}