{"id":7620,"date":"2023-08-05T17:23:23","date_gmt":"2023-08-05T10:23:23","guid":{"rendered":"http:\/\/pearlriverhotel.vn\/?page_id=7620"},"modified":"2025-12-11T16:02:33","modified_gmt":"2025-12-11T09:02:33","slug":"xu-ly-thanh-toan-credit-debit","status":"publish","type":"page","link":"https:\/\/pearlriverhotel.vn\/en\/xac-nhan-dat-phong\/xu-ly-thanh-toan-credit-debit\/","title":{"rendered":"X\u1eed l\u00fd thanh to\u00e1n Credit\/Debit"},"content":{"rendered":"<section class=\"section dark\" id=\"section_54262576\">\n\t\t<div class=\"section-bg fill\" >\n\t\t\t\t\t\t\t\t\t\n\t\t\t\n\n\t\t<\/div>\n\n\t\t\n\n\t\t<div class=\"section-content relative\">\n\t\t\t\n\n  <div class=\"banner has-hover\" id=\"banner-1849038313\">\n          <div class=\"banner-inner fill\">\n        <div class=\"banner-bg fill\" >\n            <img decoding=\"async\" width=\"1920\" height=\"1280\" src=\"https:\/\/pearlriverhotel.vn\/wp-content\/uploads\/2021\/10\/executive-two-bedroom-apartment.jpg\" class=\"bg attachment-original size-original\" alt=\"\" \/>                                    \n                    <\/div>\n\t\t\n        <div class=\"banner-layers container\">\n            <div class=\"fill banner-link\"><\/div>            \n   <div id=\"text-box-614335588\" class=\"text-box banner-layer x50 md-x50 lg-x50 y50 md-y50 lg-y50 res-text\">\n                     <div data-animate=\"bounceInUp\">           <div class=\"text-box-content text dark\">\n              \n              <div class=\"text-inner text-center\">\n                  \n              <\/div>\n           <\/div>\n       <\/div>                     \n<style>\n#text-box-614335588 {\n  width: 95%;\n}\n#text-box-614335588 .text-box-content {\n  font-size: 100%;\n}\n@media (min-width:550px) {\n  #text-box-614335588 {\n    width: 45%;\n  }\n}\n<\/style>\n    <\/div>\n \n        <\/div>\n      <\/div>\n\n            \n<style>\n#banner-1849038313 {\n  padding-top: 50vh;\n  background-color: rgba(0, 0, 0, 0);\n}\n#banner-1849038313 .banner-bg img {\n  object-position: center;\n}\n@media (min-width:550px) {\n  #banner-1849038313 {\n    padding-top: 100vh;\n  }\n}\n@media (min-width:1025px) {\n  #banner-1849038313 {\n    padding-top: 350px;\n  }\n}\n<\/style>\n  <\/div>\n\n\n\t\t<\/div>\n\n\t\t\n<style>\n#section_54262576 {\n  padding-top: 0px;\n  padding-bottom: 0px;\n}\n<\/style>\n\t<\/section>\n\t\n\t<div id=\"gap-1162380846\" class=\"gap-element clearfix\" style=\"display:block; height:auto;\">\n\t\t\n<style>\n#gap-1162380846 {\n  padding-top: 50px;\n}\n<\/style>\n\t<\/div>\n\t\n<div class=\"row\"  id=\"row-2142924396\">\n\n\t<div id=\"col-1247626038\" class=\"col medium-1 small-12 large-1\"  >\n\t\t\t\t<div class=\"col-inner\"  >\n\t\t\t\n\t\t\t\n\t\t<\/div>\n\t\t\t\t\t<\/div>\n\n\t\n\n\t<div id=\"col-429466545\" class=\"col medium-10 small-12 large-10\"  >\n\t\t\t\t<div class=\"col-inner\"  >\n\t\t\t\n\t\t\t\n<div class=\"row row-box-shadow-1\"  id=\"row-312738783\">\n\n\t<div id=\"col-300930979\" class=\"col small-12 large-12\"  >\n\t\t\t\t<div class=\"col-inner text-center\"  >\n\t\t\t\n\t\t\t\n\n\t\t<\/div>\n\t\t\t\t\t<\/div>\n\n\t\n\n<style>\n#row-312738783 > .col > .col-inner {\n  padding: 25px 15px 15px 15px;\n  background-color: rgb(255, 255, 255);\n}\n<\/style>\n<\/div>\n<div class=\"row row-box-shadow-1\"  id=\"row-749694969\">\n\n\t<div id=\"col-324411268\" class=\"col small-12 large-12\"  >\n\t\t\t\t<div class=\"col-inner text-center\"  >\n\t\t\t\n\t\t\t\n\t<div class=\"img has-hover x md-x lg-x y md-y lg-y\" id=\"image_1644468827\">\n\t\t\t\t\t\t\t\t<div class=\"img-inner dark\" >\n\t\t\t<img decoding=\"async\" width=\"160\" height=\"200\" src=\"https:\/\/pearlriverhotel.vn\/wp-content\/uploads\/2023\/07\/pearl-river-hotel-logo-2x.png\" class=\"attachment-original size-original\" alt=\"\" srcset=\"https:\/\/pearlriverhotel.vn\/wp-content\/uploads\/2023\/07\/pearl-river-hotel-logo-2x.png 160w, https:\/\/pearlriverhotel.vn\/wp-content\/uploads\/2023\/07\/pearl-river-hotel-logo-2x-10x12.png 10w\" sizes=\"(max-width: 160px) 100vw, 160px\" \/>\t\t\t\t\t\t\n\t\t\t\t\t<\/div>\n\t\t\t\t\t\t\t\t\n<style>\n#image_1644468827 {\n  width: 10%;\n}\n<\/style>\n\t<\/div>\n\t\n<p style=\"font-weight: 500;\">No. 93 Pham Van Dong Street, Phu Hai 3 Residential Group, Hung Dao Ward, Hai Phong City, Vietnam<br \/>Phone: +84 2253 880 888<br \/>Fax: +84 2253 880 688<br \/>Email: reservation@pearlriverhotel.vn<\/p>\n<table border=\"1\">\n<tbody>\n<tr>\n<td colspan=\"2\"><strong>CH\u00cdNH S\u00c1CH<\/strong><\/td>\n<\/tr>\n<tr>\n<td><strong>\u0110\u1ea3m b\u1ea3o \u0111\u01a1n \u0111\u1eb7t ph\u00f2ng<\/strong><\/td>\n<td>T\u1ea5t c\u1ea3 c\u00e1c \u0111\u01a1n \u0111\u1eb7t ph\u00f2ng ph\u00f2ng \u0111\u1ec1u c\u1ea7n \u0111\u01b0\u1ee3c \u0111\u1ea3m b\u1ea3o b\u1edfi th\u1ebb t\u00edn d\u1ee5ng t\u1ea1i th\u1eddi \u0111i\u1ec3m \u0111\u01a1n ph\u00f2ng \u0111\u01b0\u1ee3c x\u00e1c nh\u1eadn. Vui l\u00f2ng cung c\u1ea5p th\u00f4ng tin th\u1ebb t\u00edn d\u1ee5ng (s\u1ed1 th\u1ebb, t\u00ean ch\u1ee7 th\u1ebb, lo\u1ea1i th\u1ebb, ng\u00e0y h\u1ebft h\u1ea1n v\u00e0 m\u00e3 CVC) khi \u0111\u1eb7t ph\u00f2ng. Kh\u00e1ch h\u00e0ng s\u1ebd \u0111\u01b0\u1ee3c y\u00eau c\u1ea7u \u0111\u1eb7t c\u1ecdc tr\u01b0\u1edbc b\u1eb1ng ti\u1ec1n m\u1eb7t ho\u1eb7c b\u1eb1ng th\u1ebb t\u00edn d\u1ee5ng \u0111\u1ec3 \u0111\u1ea3m b\u1ea3o chi tr\u1ea3 ti\u1ec1n ph\u00f2ng v\u00e0 c\u00e1c d\u1ecbch v\u1ee5 ph\u00e1t sinh t\u1ea1i th\u1eddi \u0111i\u1ec3m \u0111\u1ebfn nh\u1eadn ph\u00f2ng.<\/td>\n<\/tr>\n<tr>\n<td><strong>Thay \u0111\u1ed5i \u0111\u01a1n \u0111\u1eb7t ph\u00f2ng<\/strong><\/td>\n<td>C\u00e1c y\u00eau c\u1ea7u thay \u0111\u1ed5i \u0111\u01a1n \u0111\u1eb7t ph\u00f2ng c\u1ea7n \u0111\u01b0\u1ee3c th\u1ef1c hi\u1ec7n \u00edt nh\u1ea5t 72 gi\u1edd tr\u01b0\u1edbc ng\u00e0y nh\u1eadn ph\u00f2ng v\u00e0 t\u00f9y thu\u1ed9c v\u00e0o kh\u1ea3 n\u0103ng cung \u1ee9ng c\u1ee7a kh\u00e1ch s\u1ea1n.<\/td>\n<\/tr>\n<tr>\n<td><strong>H\u1ee7y ph\u00f2ng\/ kh\u00f4ng \u0111\u1ebfn nh\u1eadn ph\u00f2ng<\/strong><\/td>\n<td>B\u1ea5t k\u1ef3 y\u00eau c\u1ea7u h\u1ee7y ph\u00f2ng n\u00e0o th\u1ef1c hi\u1ec7n sau 4 gi\u1edd chi\u1ec1u 1 ng\u00e0y tr\u01b0\u1edbc ng\u00e0y nh\u1eadn ph\u00f2ng \u0111\u1ec1u b\u1ecb ph\u1ea1t ph\u00ed h\u1ee7y mu\u1ed9n \u0111\u01b0\u1ee3c t\u00ednh b\u1eb1ng ti\u1ec1n ph\u00f2ng c\u1ee7a 1 \u0111\u00eam.<\/td>\n<\/tr>\n<tr>\n<td><strong>Nh\u1eadn ph\u00f2ng v\u00e0 tr\u1ea3 ph\u00f2ng<\/strong><\/td>\n<td>\n<p>Theo quy \u0111\u1ecbnh, gi\u1edd nh\u1eadn ph\u00f2ng l\u00e0 14 gi\u1edd v\u00e0 gi\u1edd tr\u1ea3 ph\u00f2ng l\u00e0 12 gi\u1edd tr\u01b0a. Tuy nhi\u00ean, t\u00f9y thu\u1ed9c v\u00e0o kh\u1ea3 n\u0103ng cung \u1ee9ng c\u1ee7a kh\u00e1ch s\u1ea1n, qu\u00fd kh\u00e1ch c\u00f3 th\u1ec3 nh\u1eadn ph\u00f2ng s\u1edbm v\u00e0 tr\u1ea3 ph\u00f2ng mu\u1ed9n v\u1edbi c\u00e1c m\u1ee9c ph\u1ee5 ph\u00ed t\u01b0\u01a1ng \u1ee9ng:<\/p>\n<ul>\n<li>Nh\u1eadn ph\u00f2ng t\u1eeb 6 gi\u1edd \u0111\u1ebfn tr\u01b0\u1edbc 14 gi\u1edd: 50% ti\u1ec1n ph\u00f2ng c\u1ee7a 1 \u0111\u00eam<\/li>\n<li>Nh\u1eadn ph\u00f2ng tr\u01b0\u1edbc 6 gi\u1edd: 100% ti\u1ec1n ph\u00f2ng c\u1ee7a 1 \u0111\u00eam v\u00e0 qu\u00fd kh\u00e1ch \u0111\u01b0\u1ee3c y\u00eau c\u1ea7u gi\u1eef ph\u00f2ng t\u1eeb \u0111\u00eam tr\u01b0\u1edbc \u0111\u00f3.<\/li>\n<li>Tr\u1ea3 ph\u00f2ng t\u1eeb sau 12 gi\u1edd tr\u01b0a \u0111\u1ebfn 18 gi\u1edd: 50% ti\u1ec1n ph\u00f2ng c\u1ee7a 1 \u0111\u00eam<\/li>\n<\/ul>\n<p>Tr\u1ea3 ph\u00f2ng sau 18 gi\u1edd: 100% ti\u1ec1n ph\u00f2ng c\u1ee7a 1 \u0111\u00eam<\/p>\n<\/td>\n<\/tr>\n<\/tbody>\n<\/table>\n<p>\u00a0<\/p>\n\t\t<\/div>\n\t\t\t\t\t<\/div>\n\n\t\n\n<style>\n#row-749694969 > .col > .col-inner {\n  padding: 25px 15px 15px 15px;\n  background-color: rgb(255, 255, 255);\n}\n<\/style>\n<\/div>\n\t\t<\/div>\n\t\t\t\t\t<\/div>\n\n\t\n\n\t<div id=\"col-1313796052\" class=\"col medium-1 small-12 large-1\"  >\n\t\t\t\t<div class=\"col-inner\"  >\n\t\t\t\n\t\t\t\n\t\t<\/div>\n\t\t\t\t\t<\/div>\n\n\t\n<\/div>","protected":false},"excerpt":{"rendered":"","protected":false},"author":1,"featured_media":0,"parent":5304,"menu_order":0,"comment_status":"closed","ping_status":"closed","template":"page-transparent-header-light.php","meta":{"footnotes":""},"class_list":["post-7620","page","type-page","status-publish","hentry"],"_links":{"self":[{"href":"https:\/\/pearlriverhotel.vn\/en\/wp-json\/wp\/v2\/pages\/7620","targetHints":{"allow":["GET"]}}],"collection":[{"href":"https:\/\/pearlriverhotel.vn\/en\/wp-json\/wp\/v2\/pages"}],"about":[{"href":"https:\/\/pearlriverhotel.vn\/en\/wp-json\/wp\/v2\/types\/page"}],"author":[{"embeddable":true,"href":"https:\/\/pearlriverhotel.vn\/en\/wp-json\/wp\/v2\/users\/1"}],"replies":[{"embeddable":true,"href":"https:\/\/pearlriverhotel.vn\/en\/wp-json\/wp\/v2\/comments?post=7620"}],"version-history":[{"count":0,"href":"https:\/\/pearlriverhotel.vn\/en\/wp-json\/wp\/v2\/pages\/7620\/revisions"}],"up":[{"embeddable":true,"href":"https:\/\/pearlriverhotel.vn\/en\/wp-json\/wp\/v2\/pages\/5304"}],"wp:attachment":[{"href":"https:\/\/pearlriverhotel.vn\/en\/wp-json\/wp\/v2\/media?parent=7620"}],"curies":[{"name":"wp","href":"https:\/\/api.w.org\/{rel}","templated":true}]}}